{"id":1679,"date":"2020-11-04T15:15:13","date_gmt":"2020-11-04T14:15:13","guid":{"rendered":"http:\/\/semahead.agency?page_id=1679"},"modified":"2024-10-16T08:22:20","modified_gmt":"2024-10-16T06:22:20","slug":"ppc","status":"publish","type":"page","link":"https:\/\/semahead.agency\/en\/offer\/ppc\/","title":{"rendered":"PPC"},"content":{"rendered":"","protected":false},"excerpt":{"rendered":"<p>We run campaigns for top brands in Poland and abroad.<\/p>\n","protected":false},"author":2,"featured_media":1682,"parent":1657,"menu_order":0,"comment_status":"closed","ping_status":"closed","template":"template-pozycjonowanie-kategoria-uslug.php","meta":{"inline_featured_image":false},"acf":[],"yoast_head":"<!-- This site is optimized with the Yoast SEO plugin v19.9 - https:\/\/yoast.com\/wordpress\/plugins\/seo\/ -->\n<title>PPC - Semahead - performance marketing 360 agency<\/title>\n<meta name=\"robots\" content=\"index, follow, max-snippet:-1, max-image-preview:large, max-video-preview:-1\" \/>\n<link rel=\"canonical\" href=\"https:\/\/semahead.agency\/en\/offer\/ppc\/\" \/>\n<meta property=\"og:locale\" content=\"en_US\" \/>\n<meta property=\"og:type\" content=\"article\" \/>\n<meta property=\"og:title\" content=\"PPC - Semahead - performance marketing 360 agency\" \/>\n<meta property=\"og:description\" content=\"We run campaigns for top brands in Poland and abroad.\" \/>\n<meta property=\"og:url\" content=\"https:\/\/semahead.agency\/en\/offer\/ppc\/\" \/>\n<meta property=\"og:site_name\" content=\"Semahead - performance marketing 360 agency\" \/>\n<meta property=\"article:modified_time\" content=\"2024-10-16T06:22:20+00:00\" \/>\n<meta property=\"og:image\" content=\"https:\/\/semahead.agency\/wp-content\/uploads\/2020\/10\/ppc.png\" \/>\n\t<meta property=\"og:image:width\" content=\"380\" \/>\n\t<meta property=\"og:image:height\" content=\"271\" \/>\n\t<meta property=\"og:image:type\" content=\"image\/png\" \/>\n<meta name=\"twitter:card\" content=\"summary_large_image\" \/>\n<script type=\"application\/ld+json\" class=\"yoast-schema-graph\">{\"@context\":\"https:\/\/schema.org\",\"@graph\":[{\"@type\":\"WebPage\",\"@id\":\"https:\/\/semahead.agency\/en\/offer\/ppc\/\",\"url\":\"https:\/\/semahead.agency\/en\/offer\/ppc\/\",\"name\":\"PPC - Semahead - performance marketing 360 agency\",\"isPartOf\":{\"@id\":\"https:\/\/semahead.agency\/#website\"},\"datePublished\":\"2020-11-04T14:15:13+00:00\",\"dateModified\":\"2024-10-16T06:22:20+00:00\",\"breadcrumb\":{\"@id\":\"https:\/\/semahead.agency\/en\/offer\/ppc\/#breadcrumb\"},\"inLanguage\":\"en-US\",\"potentialAction\":[{\"@type\":\"ReadAction\",\"target\":[\"https:\/\/semahead.agency\/en\/offer\/ppc\/\"]}]},{\"@type\":\"BreadcrumbList\",\"@id\":\"https:\/\/semahead.agency\/en\/offer\/ppc\/#breadcrumb\",\"itemListElement\":[{\"@type\":\"ListItem\",\"position\":1,\"name\":\"Offer\",\"item\":\"https:\/\/semahead.agency\/en\/offer\/\"},{\"@type\":\"ListItem\",\"position\":2,\"name\":\"PPC\"}]},{\"@type\":\"WebSite\",\"@id\":\"https:\/\/semahead.agency\/#website\",\"url\":\"https:\/\/semahead.agency\/\",\"name\":\"Semahead - performance marketing 360 agency\",\"description\":\"Pracuj z najlepszymi i wykorzystaj potencja\u0142 digital marketingu 360! Semahead oferuje us\u0142ugi zwi\u0105zane z pozycjonowaniem, PPC, analityk\u0105 i nie tylko.\",\"potentialAction\":[{\"@type\":\"SearchAction\",\"target\":{\"@type\":\"EntryPoint\",\"urlTemplate\":\"https:\/\/semahead.agency\/?s={search_term_string}\"},\"query-input\":\"required name=search_term_string\"}],\"inLanguage\":\"en-US\"}]}<\/script>\n<!-- \/ Yoast SEO plugin. -->","yoast_head_json":{"title":"PPC - Semahead - performance marketing 360 agency","robots":{"index":"index","follow":"follow","max-snippet":"max-snippet:-1","max-image-preview":"max-image-preview:large","max-video-preview":"max-video-preview:-1"},"canonical":"https:\/\/semahead.agency\/en\/offer\/ppc\/","og_locale":"en_US","og_type":"article","og_title":"PPC - Semahead - performance marketing 360 agency","og_description":"We run campaigns for top brands in Poland and abroad.","og_url":"https:\/\/semahead.agency\/en\/offer\/ppc\/","og_site_name":"Semahead - performance marketing 360 agency","article_modified_time":"2024-10-16T06:22:20+00:00","og_image":[{"width":380,"height":271,"url":"https:\/\/semahead.agency\/wp-content\/uploads\/2020\/10\/ppc.png","type":"image\/png"}],"twitter_card":"summary_large_image","schema":{"@context":"https:\/\/schema.org","@graph":[{"@type":"WebPage","@id":"https:\/\/semahead.agency\/en\/offer\/ppc\/","url":"https:\/\/semahead.agency\/en\/offer\/ppc\/","name":"PPC - Semahead - performance marketing 360 agency","isPartOf":{"@id":"https:\/\/semahead.agency\/#website"},"datePublished":"2020-11-04T14:15:13+00:00","dateModified":"2024-10-16T06:22:20+00:00","breadcrumb":{"@id":"https:\/\/semahead.agency\/en\/offer\/ppc\/#breadcrumb"},"inLanguage":"en-US","potentialAction":[{"@type":"ReadAction","target":["https:\/\/semahead.agency\/en\/offer\/ppc\/"]}]},{"@type":"BreadcrumbList","@id":"https:\/\/semahead.agency\/en\/offer\/ppc\/#breadcrumb","itemListElement":[{"@type":"ListItem","position":1,"name":"Offer","item":"https:\/\/semahead.agency\/en\/offer\/"},{"@type":"ListItem","position":2,"name":"PPC"}]},{"@type":"WebSite","@id":"https:\/\/semahead.agency\/#website","url":"https:\/\/semahead.agency\/","name":"Semahead - performance marketing 360 agency","description":"Pracuj z najlepszymi i wykorzystaj potencja\u0142 digital marketingu 360! Semahead oferuje us\u0142ugi zwi\u0105zane z pozycjonowaniem, PPC, analityk\u0105 i nie tylko.","potentialAction":[{"@type":"SearchAction","target":{"@type":"EntryPoint","urlTemplate":"https:\/\/semahead.agency\/?s={search_term_string}"},"query-input":"required name=search_term_string"}],"inLanguage":"en-US"}]}},"_links":{"self":[{"href":"https:\/\/semahead.agency\/en\/wp-json\/wp\/v2\/pages\/1679"}],"collection":[{"href":"https:\/\/semahead.agency\/en\/wp-json\/wp\/v2\/pages"}],"about":[{"href":"https:\/\/semahead.agency\/en\/wp-json\/wp\/v2\/types\/page"}],"author":[{"embeddable":true,"href":"https:\/\/semahead.agency\/en\/wp-json\/wp\/v2\/users\/2"}],"replies":[{"embeddable":true,"href":"https:\/\/semahead.agency\/en\/wp-json\/wp\/v2\/comments?post=1679"}],"version-history":[{"count":7,"href":"https:\/\/semahead.agency\/en\/wp-json\/wp\/v2\/pages\/1679\/revisions"}],"predecessor-version":[{"id":42443,"href":"https:\/\/semahead.agency\/en\/wp-json\/wp\/v2\/pages\/1679\/revisions\/42443"}],"up":[{"embeddable":true,"href":"https:\/\/semahead.agency\/en\/wp-json\/wp\/v2\/pages\/1657"}],"wp:featuredmedia":[{"embeddable":true,"href":"https:\/\/semahead.agency\/en\/wp-json\/wp\/v2\/media\/1682"}],"wp:attachment":[{"href":"https:\/\/semahead.agency\/en\/wp-json\/wp\/v2\/media?parent=1679"}],"curies":[{"name":"wp","href":"https:\/\/api.w.org\/{rel}","templated":true}]}}