{"id":1791,"date":"2020-11-05T08:39:15","date_gmt":"2020-11-05T07:39:15","guid":{"rendered":"http:\/\/semahead.agency?page_id=1791"},"modified":"2024-10-16T09:17:13","modified_gmt":"2024-10-16T07:17:13","slug":"a-b-usability-tests","status":"publish","type":"page","link":"https:\/\/semahead.agency\/en\/offer\/digital-analytics\/a-b-usability-tests\/","title":{"rendered":"A\/B usability tests"},"content":{"rendered":"","protected":false},"excerpt":{"rendered":"<p>Our activities will provide hard data, thanks to which it will be possible to optimize the conversion and business results of the website.<\/p>\n","protected":false},"author":2,"featured_media":1792,"parent":1666,"menu_order":0,"comment_status":"closed","ping_status":"closed","template":"template-pozycjonowanie-usluga.php","meta":{"inline_featured_image":false},"acf":[],"yoast_head":"<!-- This site is optimized with the Yoast SEO plugin v19.9 - https:\/\/yoast.com\/wordpress\/plugins\/seo\/ -->\n<title>A\/B usability tests - Semahead - performance marketing 360 agency<\/title>\n<meta name=\"robots\" content=\"index, follow, max-snippet:-1, max-image-preview:large, max-video-preview:-1\" \/>\n<link rel=\"canonical\" href=\"https:\/\/semahead.agency\/en\/offer\/digital-analytics\/a-b-usability-tests\/\" \/>\n<meta property=\"og:locale\" content=\"en_US\" \/>\n<meta property=\"og:type\" content=\"article\" \/>\n<meta property=\"og:title\" content=\"A\/B usability tests - Semahead - performance marketing 360 agency\" \/>\n<meta property=\"og:description\" content=\"Our activities will provide hard data, thanks to which it will be possible to optimize the conversion and business results of the website.\" \/>\n<meta property=\"og:url\" content=\"https:\/\/semahead.agency\/en\/offer\/digital-analytics\/a-b-usability-tests\/\" \/>\n<meta property=\"og:site_name\" content=\"Semahead - performance marketing 360 agency\" \/>\n<meta property=\"article:modified_time\" content=\"2024-10-16T07:17:13+00:00\" \/>\n<meta property=\"og:image\" content=\"https:\/\/semahead.agency\/wp-content\/uploads\/2020\/10\/testy-ab.png\" \/>\n\t<meta property=\"og:image:width\" content=\"440\" \/>\n\t<meta property=\"og:image:height\" content=\"257\" \/>\n\t<meta property=\"og:image:type\" content=\"image\/png\" \/>\n<meta name=\"twitter:card\" content=\"summary_large_image\" \/>\n<script type=\"application\/ld+json\" class=\"yoast-schema-graph\">{\"@context\":\"https:\/\/schema.org\",\"@graph\":[{\"@type\":\"WebPage\",\"@id\":\"https:\/\/semahead.agency\/en\/offer\/digital-analytics\/a-b-usability-tests\/\",\"url\":\"https:\/\/semahead.agency\/en\/offer\/digital-analytics\/a-b-usability-tests\/\",\"name\":\"A\/B usability tests - Semahead - performance marketing 360 agency\",\"isPartOf\":{\"@id\":\"https:\/\/semahead.agency\/#website\"},\"datePublished\":\"2020-11-05T07:39:15+00:00\",\"dateModified\":\"2024-10-16T07:17:13+00:00\",\"breadcrumb\":{\"@id\":\"https:\/\/semahead.agency\/en\/offer\/digital-analytics\/a-b-usability-tests\/#breadcrumb\"},\"inLanguage\":\"en-US\",\"potentialAction\":[{\"@type\":\"ReadAction\",\"target\":[\"https:\/\/semahead.agency\/en\/offer\/digital-analytics\/a-b-usability-tests\/\"]}]},{\"@type\":\"BreadcrumbList\",\"@id\":\"https:\/\/semahead.agency\/en\/offer\/digital-analytics\/a-b-usability-tests\/#breadcrumb\",\"itemListElement\":[{\"@type\":\"ListItem\",\"position\":1,\"name\":\"Offer\",\"item\":\"https:\/\/semahead.agency\/en\/offer\/\"},{\"@type\":\"ListItem\",\"position\":2,\"name\":\"Digital Analytics\",\"item\":\"https:\/\/semahead.agency\/en\/offer\/digital-analytics\/\"},{\"@type\":\"ListItem\",\"position\":3,\"name\":\"A\/B usability tests\"}]},{\"@type\":\"WebSite\",\"@id\":\"https:\/\/semahead.agency\/#website\",\"url\":\"https:\/\/semahead.agency\/\",\"name\":\"Semahead - performance marketing 360 agency\",\"description\":\"Pracuj z najlepszymi i wykorzystaj potencja\u0142 digital marketingu 360! Semahead oferuje us\u0142ugi zwi\u0105zane z pozycjonowaniem, PPC, analityk\u0105 i nie tylko.\",\"potentialAction\":[{\"@type\":\"SearchAction\",\"target\":{\"@type\":\"EntryPoint\",\"urlTemplate\":\"https:\/\/semahead.agency\/?s={search_term_string}\"},\"query-input\":\"required name=search_term_string\"}],\"inLanguage\":\"en-US\"}]}<\/script>\n<!-- \/ Yoast SEO plugin. -->","yoast_head_json":{"title":"A\/B usability tests - Semahead - performance marketing 360 agency","robots":{"index":"index","follow":"follow","max-snippet":"max-snippet:-1","max-image-preview":"max-image-preview:large","max-video-preview":"max-video-preview:-1"},"canonical":"https:\/\/semahead.agency\/en\/offer\/digital-analytics\/a-b-usability-tests\/","og_locale":"en_US","og_type":"article","og_title":"A\/B usability tests - Semahead - performance marketing 360 agency","og_description":"Our activities will provide hard data, thanks to which it will be possible to optimize the conversion and business results of the website.","og_url":"https:\/\/semahead.agency\/en\/offer\/digital-analytics\/a-b-usability-tests\/","og_site_name":"Semahead - performance marketing 360 agency","article_modified_time":"2024-10-16T07:17:13+00:00","og_image":[{"width":440,"height":257,"url":"https:\/\/semahead.agency\/wp-content\/uploads\/2020\/10\/testy-ab.png","type":"image\/png"}],"twitter_card":"summary_large_image","schema":{"@context":"https:\/\/schema.org","@graph":[{"@type":"WebPage","@id":"https:\/\/semahead.agency\/en\/offer\/digital-analytics\/a-b-usability-tests\/","url":"https:\/\/semahead.agency\/en\/offer\/digital-analytics\/a-b-usability-tests\/","name":"A\/B usability tests - Semahead - performance marketing 360 agency","isPartOf":{"@id":"https:\/\/semahead.agency\/#website"},"datePublished":"2020-11-05T07:39:15+00:00","dateModified":"2024-10-16T07:17:13+00:00","breadcrumb":{"@id":"https:\/\/semahead.agency\/en\/offer\/digital-analytics\/a-b-usability-tests\/#breadcrumb"},"inLanguage":"en-US","potentialAction":[{"@type":"ReadAction","target":["https:\/\/semahead.agency\/en\/offer\/digital-analytics\/a-b-usability-tests\/"]}]},{"@type":"BreadcrumbList","@id":"https:\/\/semahead.agency\/en\/offer\/digital-analytics\/a-b-usability-tests\/#breadcrumb","itemListElement":[{"@type":"ListItem","position":1,"name":"Offer","item":"https:\/\/semahead.agency\/en\/offer\/"},{"@type":"ListItem","position":2,"name":"Digital Analytics","item":"https:\/\/semahead.agency\/en\/offer\/digital-analytics\/"},{"@type":"ListItem","position":3,"name":"A\/B usability tests"}]},{"@type":"WebSite","@id":"https:\/\/semahead.agency\/#website","url":"https:\/\/semahead.agency\/","name":"Semahead - performance marketing 360 agency","description":"Pracuj z najlepszymi i wykorzystaj potencja\u0142 digital marketingu 360! Semahead oferuje us\u0142ugi zwi\u0105zane z pozycjonowaniem, PPC, analityk\u0105 i nie tylko.","potentialAction":[{"@type":"SearchAction","target":{"@type":"EntryPoint","urlTemplate":"https:\/\/semahead.agency\/?s={search_term_string}"},"query-input":"required name=search_term_string"}],"inLanguage":"en-US"}]}},"_links":{"self":[{"href":"https:\/\/semahead.agency\/en\/wp-json\/wp\/v2\/pages\/1791"}],"collection":[{"href":"https:\/\/semahead.agency\/en\/wp-json\/wp\/v2\/pages"}],"about":[{"href":"https:\/\/semahead.agency\/en\/wp-json\/wp\/v2\/types\/page"}],"author":[{"embeddable":true,"href":"https:\/\/semahead.agency\/en\/wp-json\/wp\/v2\/users\/2"}],"replies":[{"embeddable":true,"href":"https:\/\/semahead.agency\/en\/wp-json\/wp\/v2\/comments?post=1791"}],"version-history":[{"count":10,"href":"https:\/\/semahead.agency\/en\/wp-json\/wp\/v2\/pages\/1791\/revisions"}],"predecessor-version":[{"id":42470,"href":"https:\/\/semahead.agency\/en\/wp-json\/wp\/v2\/pages\/1791\/revisions\/42470"}],"up":[{"embeddable":true,"href":"https:\/\/semahead.agency\/en\/wp-json\/wp\/v2\/pages\/1666"}],"wp:featuredmedia":[{"embeddable":true,"href":"https:\/\/semahead.agency\/en\/wp-json\/wp\/v2\/media\/1792"}],"wp:attachment":[{"href":"https:\/\/semahead.agency\/en\/wp-json\/wp\/v2\/media?parent=1791"}],"curies":[{"name":"wp","href":"https:\/\/api.w.org\/{rel}","templated":true}]}}