{"id":2153,"date":"2020-11-05T14:07:45","date_gmt":"2020-11-05T13:07:45","guid":{"rendered":"http:\/\/semahead.agency?page_id=2153"},"modified":"2024-10-16T09:08:15","modified_gmt":"2024-10-16T07:08:15","slug":"programmatic-campaigns","status":"publish","type":"page","link":"https:\/\/semahead.agency\/en\/offer\/ppc\/programmatic-campaigns\/","title":{"rendered":"Programmatic campaigns"},"content":{"rendered":"","protected":false},"excerpt":{"rendered":"<p>For many years, we have been helping in the implementation and running of automated personal advertising, increasing the profits from the campaign.<\/p>\n","protected":false},"author":2,"featured_media":2155,"parent":1679,"menu_order":7,"comment_status":"closed","ping_status":"closed","template":"template-pozycjonowanie-usluga.php","meta":{"inline_featured_image":false},"acf":[],"yoast_head":"<!-- This site is optimized with the Yoast SEO plugin v19.9 - https:\/\/yoast.com\/wordpress\/plugins\/seo\/ -->\n<title>Programmatic campaigns - Semahead - performance marketing 360 agency<\/title>\n<meta name=\"robots\" content=\"index, follow, max-snippet:-1, max-image-preview:large, max-video-preview:-1\" \/>\n<link rel=\"canonical\" href=\"https:\/\/semahead.agency\/en\/offer\/ppc\/programmatic-campaigns\/\" \/>\n<meta property=\"og:locale\" content=\"en_US\" \/>\n<meta property=\"og:type\" content=\"article\" \/>\n<meta property=\"og:title\" content=\"Programmatic campaigns - Semahead - performance marketing 360 agency\" \/>\n<meta property=\"og:description\" content=\"For many years, we have been helping in the implementation and running of automated personal advertising, increasing the profits from the campaign.\" \/>\n<meta property=\"og:url\" content=\"https:\/\/semahead.agency\/en\/offer\/ppc\/programmatic-campaigns\/\" \/>\n<meta property=\"og:site_name\" content=\"Semahead - performance marketing 360 agency\" \/>\n<meta property=\"article:modified_time\" content=\"2024-10-16T07:08:15+00:00\" \/>\n<meta property=\"og:image\" content=\"https:\/\/semahead.agency\/wp-content\/uploads\/2020\/10\/reklamy-automatycne.png\" \/>\n\t<meta property=\"og:image:width\" content=\"452\" \/>\n\t<meta property=\"og:image:height\" content=\"352\" \/>\n\t<meta property=\"og:image:type\" content=\"image\/png\" \/>\n<meta name=\"twitter:card\" content=\"summary_large_image\" \/>\n<script type=\"application\/ld+json\" class=\"yoast-schema-graph\">{\"@context\":\"https:\/\/schema.org\",\"@graph\":[{\"@type\":\"WebPage\",\"@id\":\"https:\/\/semahead.agency\/en\/offer\/ppc\/programmatic-campaigns\/\",\"url\":\"https:\/\/semahead.agency\/en\/offer\/ppc\/programmatic-campaigns\/\",\"name\":\"Programmatic campaigns - Semahead - performance marketing 360 agency\",\"isPartOf\":{\"@id\":\"https:\/\/semahead.agency\/#website\"},\"datePublished\":\"2020-11-05T13:07:45+00:00\",\"dateModified\":\"2024-10-16T07:08:15+00:00\",\"breadcrumb\":{\"@id\":\"https:\/\/semahead.agency\/en\/offer\/ppc\/programmatic-campaigns\/#breadcrumb\"},\"inLanguage\":\"en-US\",\"potentialAction\":[{\"@type\":\"ReadAction\",\"target\":[\"https:\/\/semahead.agency\/en\/offer\/ppc\/programmatic-campaigns\/\"]}]},{\"@type\":\"BreadcrumbList\",\"@id\":\"https:\/\/semahead.agency\/en\/offer\/ppc\/programmatic-campaigns\/#breadcrumb\",\"itemListElement\":[{\"@type\":\"ListItem\",\"position\":1,\"name\":\"Offer\",\"item\":\"https:\/\/semahead.agency\/en\/offer\/\"},{\"@type\":\"ListItem\",\"position\":2,\"name\":\"PPC\",\"item\":\"https:\/\/semahead.agency\/en\/offer\/ppc\/\"},{\"@type\":\"ListItem\",\"position\":3,\"name\":\"Programmatic campaigns\"}]},{\"@type\":\"WebSite\",\"@id\":\"https:\/\/semahead.agency\/#website\",\"url\":\"https:\/\/semahead.agency\/\",\"name\":\"Semahead - performance marketing 360 agency\",\"description\":\"Pracuj z najlepszymi i wykorzystaj potencja\u0142 digital marketingu 360! Semahead oferuje us\u0142ugi zwi\u0105zane z pozycjonowaniem, PPC, analityk\u0105 i nie tylko.\",\"potentialAction\":[{\"@type\":\"SearchAction\",\"target\":{\"@type\":\"EntryPoint\",\"urlTemplate\":\"https:\/\/semahead.agency\/?s={search_term_string}\"},\"query-input\":\"required name=search_term_string\"}],\"inLanguage\":\"en-US\"}]}<\/script>\n<!-- \/ Yoast SEO plugin. -->","yoast_head_json":{"title":"Programmatic campaigns - Semahead - performance marketing 360 agency","robots":{"index":"index","follow":"follow","max-snippet":"max-snippet:-1","max-image-preview":"max-image-preview:large","max-video-preview":"max-video-preview:-1"},"canonical":"https:\/\/semahead.agency\/en\/offer\/ppc\/programmatic-campaigns\/","og_locale":"en_US","og_type":"article","og_title":"Programmatic campaigns - Semahead - performance marketing 360 agency","og_description":"For many years, we have been helping in the implementation and running of automated personal advertising, increasing the profits from the campaign.","og_url":"https:\/\/semahead.agency\/en\/offer\/ppc\/programmatic-campaigns\/","og_site_name":"Semahead - performance marketing 360 agency","article_modified_time":"2024-10-16T07:08:15+00:00","og_image":[{"width":452,"height":352,"url":"https:\/\/semahead.agency\/wp-content\/uploads\/2020\/10\/reklamy-automatycne.png","type":"image\/png"}],"twitter_card":"summary_large_image","schema":{"@context":"https:\/\/schema.org","@graph":[{"@type":"WebPage","@id":"https:\/\/semahead.agency\/en\/offer\/ppc\/programmatic-campaigns\/","url":"https:\/\/semahead.agency\/en\/offer\/ppc\/programmatic-campaigns\/","name":"Programmatic campaigns - Semahead - performance marketing 360 agency","isPartOf":{"@id":"https:\/\/semahead.agency\/#website"},"datePublished":"2020-11-05T13:07:45+00:00","dateModified":"2024-10-16T07:08:15+00:00","breadcrumb":{"@id":"https:\/\/semahead.agency\/en\/offer\/ppc\/programmatic-campaigns\/#breadcrumb"},"inLanguage":"en-US","potentialAction":[{"@type":"ReadAction","target":["https:\/\/semahead.agency\/en\/offer\/ppc\/programmatic-campaigns\/"]}]},{"@type":"BreadcrumbList","@id":"https:\/\/semahead.agency\/en\/offer\/ppc\/programmatic-campaigns\/#breadcrumb","itemListElement":[{"@type":"ListItem","position":1,"name":"Offer","item":"https:\/\/semahead.agency\/en\/offer\/"},{"@type":"ListItem","position":2,"name":"PPC","item":"https:\/\/semahead.agency\/en\/offer\/ppc\/"},{"@type":"ListItem","position":3,"name":"Programmatic campaigns"}]},{"@type":"WebSite","@id":"https:\/\/semahead.agency\/#website","url":"https:\/\/semahead.agency\/","name":"Semahead - performance marketing 360 agency","description":"Pracuj z najlepszymi i wykorzystaj potencja\u0142 digital marketingu 360! Semahead oferuje us\u0142ugi zwi\u0105zane z pozycjonowaniem, PPC, analityk\u0105 i nie tylko.","potentialAction":[{"@type":"SearchAction","target":{"@type":"EntryPoint","urlTemplate":"https:\/\/semahead.agency\/?s={search_term_string}"},"query-input":"required name=search_term_string"}],"inLanguage":"en-US"}]}},"_links":{"self":[{"href":"https:\/\/semahead.agency\/en\/wp-json\/wp\/v2\/pages\/2153"}],"collection":[{"href":"https:\/\/semahead.agency\/en\/wp-json\/wp\/v2\/pages"}],"about":[{"href":"https:\/\/semahead.agency\/en\/wp-json\/wp\/v2\/types\/page"}],"author":[{"embeddable":true,"href":"https:\/\/semahead.agency\/en\/wp-json\/wp\/v2\/users\/2"}],"replies":[{"embeddable":true,"href":"https:\/\/semahead.agency\/en\/wp-json\/wp\/v2\/comments?post=2153"}],"version-history":[{"count":6,"href":"https:\/\/semahead.agency\/en\/wp-json\/wp\/v2\/pages\/2153\/revisions"}],"predecessor-version":[{"id":42463,"href":"https:\/\/semahead.agency\/en\/wp-json\/wp\/v2\/pages\/2153\/revisions\/42463"}],"up":[{"embeddable":true,"href":"https:\/\/semahead.agency\/en\/wp-json\/wp\/v2\/pages\/1679"}],"wp:featuredmedia":[{"embeddable":true,"href":"https:\/\/semahead.agency\/en\/wp-json\/wp\/v2\/media\/2155"}],"wp:attachment":[{"href":"https:\/\/semahead.agency\/en\/wp-json\/wp\/v2\/media?parent=2153"}],"curies":[{"name":"wp","href":"https:\/\/api.w.org\/{rel}","templated":true}]}}